
{"id":520,"date":"2026-02-19T17:50:25","date_gmt":"2026-02-19T16:50:25","guid":{"rendered":"https:\/\/wiad.edu.pl\/www\/?page_id=520"},"modified":"2026-02-26T07:28:13","modified_gmt":"2026-02-26T06:28:13","slug":"goscie-honorowi","status":"publish","type":"page","link":"https:\/\/wiad.edu.pl\/www\/goscie-honorowi\/","title":{"rendered":"Go\u015bcie Honorowi WIAD 2026 (Keynote Speakers)"},"content":{"rendered":"\n<div class=\"wp-block-columns is-layout-flex wp-container-core-columns-is-layout-9d6595d7 wp-block-columns-is-layout-flex\">\n<div class=\"wp-block-column is-vertically-aligned-top is-layout-flow wp-block-column-is-layout-flow\" style=\"flex-basis:33.33%\"><div class=\"wp-block-image is-style-rounded\">\n<figure class=\"aligncenter size-full\"><img loading=\"lazy\" decoding=\"async\" width=\"500\" height=\"500\" src=\"https:\/\/wiad.edu.pl\/www\/wp-content\/uploads\/rutkowski.jpg\" alt=\"\" class=\"wp-image-554\" srcset=\"https:\/\/wiad.edu.pl\/www\/wp-content\/uploads\/rutkowski.jpg 500w, https:\/\/wiad.edu.pl\/www\/wp-content\/uploads\/rutkowski-300x300.jpg 300w, https:\/\/wiad.edu.pl\/www\/wp-content\/uploads\/rutkowski-150x150.jpg 150w\" sizes=\"auto, (max-width: 500px) 100vw, 500px\" \/><\/figure>\n<\/div><\/div>\n\n\n\n<div class=\"wp-block-column is-layout-flow wp-block-column-is-layout-flow\" style=\"flex-basis:66.66%\">\n<h2 class=\"wp-block-heading\"><strong>dr Tomasz M. Rutkowski<\/strong><\/h2>\n\n\n\n<p class=\"has-medium-font-size\"><strong>RIKEN Center for Advanced Intelligence Project<\/strong><br><strong>Uniwersytet Tokijski<\/strong><\/p>\n\n\n\n<p><a href=\"https:\/\/tomek.bci-lab.info\" target=\"_blank\" rel=\"noreferrer noopener\">Strona domowa Tomasza M. Rutkowskiego (nowe okno)<\/a><\/p>\n\n\n\n<p>Naukowiec specjalizuj\u0105cy si\u0119 w sztucznej inteligencji, neurotechnologii oraz interfejsach m\u00f3zg\u2013komputer. Jest zwi\u0105zany z RIKEN Center for Advanced Intelligence Project w Japonii oraz The University of Tokyo . Jego badania koncentruj\u0105 si\u0119 na analizie sygna\u0142\u00f3w EEG, modelowaniu proces\u00f3w poznawczych oraz zastosowaniach AI w diagnostyce i wspieraniu dobrostanu cz\u0142owieka. \u0141\u0105czy podej\u015bcie z obszaru neuronauki, uczenia maszynowego i system\u00f3w interaktywnych.&nbsp;<\/p>\n\n\n\n<p class=\"has-medium-font-size\"><strong>Temat wyst\u0105pienia: <\/strong><em>  M\u00f3zgowe korelaty stanu krytycznego w zapisie EEG: w stron\u0119 cyfrowych interwencji wspomaganych sztuczn\u0105 inteligencj\u0105 na rzecz dobrostanu spo\u0142ecznego   <\/em><\/p>\n<\/div>\n<\/div>\n\n\n\n<div style=\"height:100px\" aria-hidden=\"true\" class=\"wp-block-spacer\"><\/div>\n\n\n\n<div class=\"wp-block-columns is-layout-flex wp-container-core-columns-is-layout-9d6595d7 wp-block-columns-is-layout-flex\">\n<div class=\"wp-block-column is-vertically-aligned-top is-layout-flow wp-block-column-is-layout-flow\" style=\"flex-basis:33.33%\"><div class=\"wp-block-image is-style-rounded\">\n<figure class=\"aligncenter size-full\"><img loading=\"lazy\" decoding=\"async\" width=\"500\" height=\"500\" src=\"https:\/\/wiad.edu.pl\/www\/wp-content\/uploads\/kapuscinski.png\" alt=\"\" class=\"wp-image-558\" srcset=\"https:\/\/wiad.edu.pl\/www\/wp-content\/uploads\/kapuscinski.png 500w, https:\/\/wiad.edu.pl\/www\/wp-content\/uploads\/kapuscinski-300x300.png 300w, https:\/\/wiad.edu.pl\/www\/wp-content\/uploads\/kapuscinski-150x150.png 150w\" sizes=\"auto, (max-width: 500px) 100vw, 500px\" \/><\/figure>\n<\/div><\/div>\n\n\n\n<div class=\"wp-block-column is-layout-flow wp-block-column-is-layout-flow\" style=\"flex-basis:66.66%\">\n<h2 class=\"wp-block-heading\"><strong><strong>prof. Jaros\u0142aw Kapu\u015bci\u0144ski<\/strong><\/strong><\/h2>\n\n\n\n<p class=\"has-medium-font-size\"><strong>Uniwersytet Stanforda<\/strong><\/p>\n\n\n\n<p><a href=\"https:\/\/www.jaroslawkapuscinski.com\" target=\"_blank\" rel=\"noreferrer noopener\">Strona domowa prof. Jaros\u0142awa Kapu\u015bci\u0144skiego (nowe okno)<\/a><\/p>\n\n\n\n<p>Kompozytor, pianista i artysta intermedialny zwi\u0105zany ze Stanford University. Tworzy projekty \u0142\u0105cz\u0105ce muzyk\u0119, obraz i nowe media, rozwijaj\u0105c autorskie formy sztuki intermedialnej oparte na relacjach mi\u0119dzy d\u017awi\u0119kiem, przestrzeni\u0105 i ruchem. Jego prace by\u0142y prezentowane na najwa\u017cniejszych festiwalach i w czo\u0142owych instytucjach sztuki na \u015bwiecie. W dzia\u0142alno\u015bci badawczej i dydaktycznej koncentruje si\u0119 na tw\u00f3rczo\u015bci intermedialnej, kompozycji oraz eksperymentalnych formach narracji audiowizualnej.&nbsp;<\/p>\n\n\n\n<p class=\"has-medium-font-size\"><strong>Temat wyst\u0105pienia: <\/strong> <em>  Designing an Intermedia Atlas of Noh Theater  <\/em><\/p>\n<\/div>\n<\/div>\n\n\n\n<div style=\"height:100px\" aria-hidden=\"true\" class=\"wp-block-spacer\"><\/div>\n\n\n\n<div class=\"wp-block-columns is-layout-flex wp-container-core-columns-is-layout-9d6595d7 wp-block-columns-is-layout-flex\">\n<div class=\"wp-block-column is-vertically-aligned-top is-layout-flow wp-block-column-is-layout-flow\" style=\"flex-basis:33.33%\"><div class=\"wp-block-image is-style-rounded\">\n<figure class=\"aligncenter size-full\"><img loading=\"lazy\" decoding=\"async\" width=\"500\" height=\"500\" src=\"https:\/\/wiad.edu.pl\/www\/wp-content\/uploads\/popiela.png\" alt=\"\" class=\"wp-image-556\" srcset=\"https:\/\/wiad.edu.pl\/www\/wp-content\/uploads\/popiela.png 500w, https:\/\/wiad.edu.pl\/www\/wp-content\/uploads\/popiela-300x300.png 300w, https:\/\/wiad.edu.pl\/www\/wp-content\/uploads\/popiela-150x150.png 150w\" sizes=\"auto, (max-width: 500px) 100vw, 500px\" \/><\/figure>\n<\/div><\/div>\n\n\n\n<div class=\"wp-block-column is-layout-flow wp-block-column-is-layout-flow\" style=\"flex-basis:66.66%\">\n<h2 class=\"wp-block-heading\"><strong><strong>Wojciech Popiela<\/strong><\/strong><\/h2>\n\n\n\n<p class=\"has-medium-font-size\"><strong>Webmetric<\/strong><\/p>\n\n\n\n<p><a href=\"https:\/\/www.linkedin.com\/in\/wojciech-popiela\" target=\"_blank\" rel=\"noreferrer noopener\">Profil LinkedIn Wojciecha Popieli (nowe okno)<\/a><\/p>\n\n\n\n<p>Ekspert UX i optymalizacji konwersji, wsp\u00f3\u0142za\u0142o\u017cyciel oraz CEO firmy Webmetric, wyk\u0142adowca na Collegium Da Vinci. Od lat wspiera organizacje w projektowaniu i doskonaleniu produkt\u00f3w cyfrowych, \u0142\u0105cz\u0105c badania UX, analityk\u0119 oraz projektowanie interfejs\u00f3w z podej\u015bciem nastawionym na mierzalne efekty. Realizowa\u0142 projekty doradcze i badawcze dla wielu rozpoznawalnych marek oraz aktywnie dzia\u0142a edukacyjnie w obszarze do\u015bwiadcze\u0144 u\u017cytkownika.&nbsp;<\/p>\n\n\n\n<p class=\"has-medium-font-size\"><strong>Temat wyst\u0105pienia:<\/strong> <em> Budowa lojalno\u015bci i zaanga\u017cowania w aplikacjach na rynkach europejskich  <\/em><\/p>\n<\/div>\n<\/div>\n\n\n\n<div style=\"height:100px\" aria-hidden=\"true\" class=\"wp-block-spacer\"><\/div>\n\n\n\n<div class=\"wp-block-columns is-layout-flex wp-container-core-columns-is-layout-9d6595d7 wp-block-columns-is-layout-flex\">\n<div class=\"wp-block-column is-vertically-aligned-top is-layout-flow wp-block-column-is-layout-flow\" style=\"flex-basis:33.33%\"><div class=\"wp-block-image is-style-rounded\">\n<figure class=\"aligncenter size-full\"><img loading=\"lazy\" decoding=\"async\" width=\"500\" height=\"500\" src=\"https:\/\/wiad.edu.pl\/www\/wp-content\/uploads\/parysz.jpg\" alt=\"\" class=\"wp-image-552\" srcset=\"https:\/\/wiad.edu.pl\/www\/wp-content\/uploads\/parysz.jpg 500w, https:\/\/wiad.edu.pl\/www\/wp-content\/uploads\/parysz-300x300.jpg 300w, https:\/\/wiad.edu.pl\/www\/wp-content\/uploads\/parysz-150x150.jpg 150w\" sizes=\"auto, (max-width: 500px) 100vw, 500px\" \/><\/figure>\n<\/div><\/div>\n\n\n\n<div class=\"wp-block-column is-layout-flow wp-block-column-is-layout-flow\" style=\"flex-basis:66.66%\">\n<h2 class=\"wp-block-heading\"><strong>Karolina Parysz<\/strong><\/h2>\n\n\n\n<p class=\"has-medium-font-size\">Head of UX at <strong>DrAnsay <\/strong><br>Educator &amp; Founder at <strong>Bruxa<\/strong><\/p>\n\n\n\n<p><a href=\"https:\/\/www.linkedin.com\/in\/kparysz\" target=\"_blank\" rel=\"noreferrer noopener\">Profil LinkedIn Karoliny Parysz (nowe okno)<\/a><\/p>\n\n\n\n<p class=\"has-text-align-center has-theme-palette-9-color has-theme-palette-14-background-color has-text-color has-background has-link-color wp-elements-c4b1ee7a41537b4aad0eb0a0f1218cc7\"><strong>Wyst\u0105pienie nie odb\u0119dzie si\u0119 z powod\u00f3w niezale\u017cnych od organizatora <\/strong><\/p>\n\n\n\n<p>Do\u015bwiadczona projektantka UX, edukatorka i liderka praktyki projektowej, obecnie Head of UX w firmie DrAnsay oraz tw\u00f3rczyni marki Bruxa, gdzie prowadzi warsztaty i kursy dla projektant\u00f3w i badaczy UX. Karolina pracuje w bran\u017cy projektowej od ponad 10 lat, uczestnicz\u0105c w tworzeniu i rozwijaniu ponad 30 produkt\u00f3w cyfrowych u\u017cywanych przez u\u017cytkownik\u00f3w na ca\u0142ym \u015bwiecie. Jako trenerka i mentorka wsp\u00f3\u0142pracowa\u0142a z organizacjami takimi jak DareIT, Accenture, Future Collars czy SWPS, a jej kurs \u201eStruktura\u201d skupia si\u0119 na praktycznych narz\u0119dziach i procesach tworzenia architektury informacji w UX. Karolina anga\u017cuje si\u0119 tak\u017ce w spo\u0142eczno\u015b\u0107 projektow\u0105 poprzez seri\u0119 praktycznych warsztat\u00f3w \u201eUX Sabaty\u201d, wyst\u0105pienia na bran\u017cowych wydarzeniach oraz publikacje inspiruj\u0105ce projektant\u00f3w do podejmowania \u015bwiadomych decyzji projektowych.&nbsp;<\/p>\n\n\n\n<p class=\"has-medium-font-size\"><strong>Temat wyst\u0105pienia: <\/strong><em>Modele kontentowe \u2013 game changer w procesie projektowym <\/em><\/p>\n<\/div>\n<\/div>\n\n\n\n<p><\/p>\n","protected":false},"excerpt":{"rendered":"<p>dr Tomasz M. Rutkowski RIKEN Center for Advanced Intelligence ProjectUniwersytet Tokijski Strona domowa Tomasza M. Rutkowskiego (nowe okno) Naukowiec specjalizuj\u0105cy si\u0119 w sztucznej inteligencji, neurotechnologii oraz interfejsach m\u00f3zg\u2013komputer. Jest zwi\u0105zany z RIKEN Center for Advanced Intelligence Project w Japonii oraz The University of Tokyo . Jego badania koncentruj\u0105 si\u0119 na analizie sygna\u0142\u00f3w EEG, modelowaniu proces\u00f3w&#8230;<\/p>\n","protected":false},"author":1,"featured_media":0,"parent":0,"menu_order":0,"comment_status":"closed","ping_status":"closed","template":"","meta":{"_kad_post_transparent":"","_kad_post_title":"","_kad_post_layout":"","_kad_post_sidebar_id":"","_kad_post_content_style":"","_kad_post_vertical_padding":"","_kad_post_feature":"","_kad_post_feature_position":"","_kad_post_header":false,"_kad_post_footer":false,"_kad_post_classname":"","footnotes":""},"class_list":["post-520","page","type-page","status-publish","hentry"],"_links":{"self":[{"href":"https:\/\/wiad.edu.pl\/www\/wp-json\/wp\/v2\/pages\/520","targetHints":{"allow":["GET"]}}],"collection":[{"href":"https:\/\/wiad.edu.pl\/www\/wp-json\/wp\/v2\/pages"}],"about":[{"href":"https:\/\/wiad.edu.pl\/www\/wp-json\/wp\/v2\/types\/page"}],"author":[{"embeddable":true,"href":"https:\/\/wiad.edu.pl\/www\/wp-json\/wp\/v2\/users\/1"}],"replies":[{"embeddable":true,"href":"https:\/\/wiad.edu.pl\/www\/wp-json\/wp\/v2\/comments?post=520"}],"version-history":[{"count":43,"href":"https:\/\/wiad.edu.pl\/www\/wp-json\/wp\/v2\/pages\/520\/revisions"}],"predecessor-version":[{"id":572,"href":"https:\/\/wiad.edu.pl\/www\/wp-json\/wp\/v2\/pages\/520\/revisions\/572"}],"wp:attachment":[{"href":"https:\/\/wiad.edu.pl\/www\/wp-json\/wp\/v2\/media?parent=520"}],"curies":[{"name":"wp","href":"https:\/\/api.w.org\/{rel}","templated":true}]}}