
{"id":415,"date":"2025-11-04T13:03:17","date_gmt":"2025-11-04T12:03:17","guid":{"rendered":"https:\/\/wiad.edu.pl\/www\/?page_id=415"},"modified":"2025-11-15T20:17:40","modified_gmt":"2025-11-15T19:17:40","slug":"kontakt","status":"publish","type":"page","link":"https:\/\/wiad.edu.pl\/www\/kontakt\/","title":{"rendered":"Kontakt"},"content":{"rendered":"\n<div class=\"wp-block-columns alignwide is-layout-flex wp-container-core-columns-is-layout-9d6595d7 wp-block-columns-is-layout-flex\">\n<div class=\"wp-block-column is-layout-flow wp-block-column-is-layout-flow\" style=\"padding-top:0;padding-right:var(--wp--preset--spacing--50);padding-bottom:0;padding-left:var(--wp--preset--spacing--50)\">\n<h2 class=\"wp-block-heading has-text-align-center\">Dane adresowe<\/h2>\n\n\n\n<p class=\"has-text-align-center\">Instytut Bada\u0144 Informacji i Komunikacji<br>Uniwersytet Miko\u0142aja Kopernika w Toruniu<br>ul. W\u0142adys\u0142awa Bojarskiego 1<br>87-100 Toru\u0144<\/p>\n\n\n\n<p class=\"has-text-align-center has-small-font-size\">W sprawie Konferencji prosimy <strong>nie telefonowa\u0107<\/strong> do sekratariatu Instytutu. <\/p>\n<\/div>\n\n\n\n<div class=\"wp-block-column is-layout-flow wp-block-column-is-layout-flow\">\n<h2 class=\"wp-block-heading has-text-align-center\">Dane kontaktowe<\/h2>\n\n\n\n<p class=\"has-text-align-center\">adres poczty elektronicznej: <a href=\"mailto:torun@worldiaday.org\">torun@worldiaday.org<\/a><br><br>profil Konferencji na Facebooku:<br> <a href=\"https:\/\/www.facebook.com\/WIADPoland\" data-type=\"link\" data-id=\"https:\/\/www.facebook.com\/WIADPoland\" target=\"_blank\" rel=\"noreferrer noopener\">\/WIADPoland (nowe okno)<\/a><\/p>\n<\/div>\n\n\n\n<div class=\"wp-block-column is-layout-flow wp-block-column-is-layout-flow\">\n<h2 class=\"wp-block-heading has-text-align-center\">Dane do faktur<\/h2>\n\n\n\n<p class=\"has-text-align-center\">Uniwersytet Miko\u0142aja Kopernika w Toruniu<br>ul. Gagarina 11, 87-100 Toru\u0144<br>NIP: 879-017-72-91<\/p>\n<\/div>\n<\/div>\n\n\n<style>.kb-google-maps-container415_26763d-37{height:450px;}<\/style><div class=\"kb-google-maps-container kb-google-maps-container415_26763d-37  wp-block-kadence-googlemaps\" data-mapid=\"415_26763d37\"><iframe width=\"100%\" height=\"100%\"\n\t\t\t\t\t\t\tstyle=\"border:0\" loading=\"lazy\"\n\t\t\t\t\t\t\tsrc=\"https:\/\/www.google.com\/maps\/embed\/v1\/place?key=AIzaSyBAM2o7PiQqwk15LC1XRH2e_KJ-jUa7KYk&#038;zoom=16&#038;maptype=roadmap&#038;q=collegium+humanisticum\"\n\t\t\t\t\t\t\ttitle=\"Mapa Google collegium humanisticum\"><\/iframe><\/div><script>function kb_google_map415_26763d37() { let center = { lat: 37.8201, lng: -122.4781}; let map = new google.maps.Map(document.getElementById(\"kb-google-map415_26763d37\"), {\n\t\t\t\t\t    zoom: 16,\n\t\t\t\t\t    center: center,});let marker = new google.maps.Marker({   position: { lat: 37.8201, lng: -122.4781},    map: map,  });}<\/script>","protected":false},"excerpt":{"rendered":"<p>Dane adresowe Instytut Bada\u0144 Informacji i KomunikacjiUniwersytet Miko\u0142aja Kopernika w Toruniuul. W\u0142adys\u0142awa Bojarskiego 187-100 Toru\u0144 W sprawie Konferencji prosimy nie telefonowa\u0107 do sekratariatu Instytutu. Dane kontaktowe adres poczty elektronicznej: torun@worldiaday.org profil Konferencji na Facebooku: \/WIADPoland (nowe okno) Dane do faktur Uniwersytet Miko\u0142aja Kopernika w Toruniuul. Gagarina 11, 87-100 Toru\u0144NIP: 879-017-72-91<\/p>\n","protected":false},"author":1,"featured_media":0,"parent":0,"menu_order":0,"comment_status":"closed","ping_status":"closed","template":"","meta":{"_kad_post_transparent":"","_kad_post_title":"","_kad_post_layout":"","_kad_post_sidebar_id":"","_kad_post_content_style":"","_kad_post_vertical_padding":"","_kad_post_feature":"","_kad_post_feature_position":"","_kad_post_header":false,"_kad_post_footer":false,"_kad_post_classname":"","footnotes":""},"class_list":["post-415","page","type-page","status-publish","hentry"],"_links":{"self":[{"href":"https:\/\/wiad.edu.pl\/www\/wp-json\/wp\/v2\/pages\/415","targetHints":{"allow":["GET"]}}],"collection":[{"href":"https:\/\/wiad.edu.pl\/www\/wp-json\/wp\/v2\/pages"}],"about":[{"href":"https:\/\/wiad.edu.pl\/www\/wp-json\/wp\/v2\/types\/page"}],"author":[{"embeddable":true,"href":"https:\/\/wiad.edu.pl\/www\/wp-json\/wp\/v2\/users\/1"}],"replies":[{"embeddable":true,"href":"https:\/\/wiad.edu.pl\/www\/wp-json\/wp\/v2\/comments?post=415"}],"version-history":[{"count":16,"href":"https:\/\/wiad.edu.pl\/www\/wp-json\/wp\/v2\/pages\/415\/revisions"}],"predecessor-version":[{"id":457,"href":"https:\/\/wiad.edu.pl\/www\/wp-json\/wp\/v2\/pages\/415\/revisions\/457"}],"wp:attachment":[{"href":"https:\/\/wiad.edu.pl\/www\/wp-json\/wp\/v2\/media?parent=415"}],"curies":[{"name":"wp","href":"https:\/\/api.w.org\/{rel}","templated":true}]}}