
{"id":35,"date":"2025-11-01T19:03:41","date_gmt":"2025-11-01T18:03:41","guid":{"rendered":"https:\/\/wiad.edu.pl\/www\/?page_id=35"},"modified":"2025-11-04T11:37:54","modified_gmt":"2025-11-04T10:37:54","slug":"publikacje","status":"publish","type":"page","link":"https:\/\/wiad.edu.pl\/www\/publikacje\/","title":{"rendered":"Publikacje"},"content":{"rendered":"\n<h2 class=\"wp-block-heading has-text-align-center\" id=\"2022\">Publikacja 2022<\/h2>\n\n\n\n<p><\/p>\n\n\n\n<p class=\"has-text-align-center has-small-font-size\" style=\"padding-right:var(--wp--preset--spacing--80);padding-left:var(--wp--preset--spacing--80)\">Artyku\u0142y pokonferencyjne WIAD 2022 \u201ePo\u0142\u0105czony \u015bwiat\u201d ukaza\u0142y si\u0119 w tomie pt. <em><strong><a href=\"https:\/\/wydawnictwo.umk.pl\/produkt\/architektura-informacji-teoria-i-praktyka\" data-type=\"link\" data-id=\"https:\/\/wydawnictwo.umk.pl\/produkt\/architektura-informacji-badania-i-praktyka\" target=\"_blank\" rel=\"noreferrer noopener\">Architektura informacji. Teoria i praktyka<\/a> <\/strong><\/em>pod redakcj\u0105 naukow\u0105 Magdaleny Cyrklaff-Gorczycy, Weroniki Kortas i Piotra Rudery opublikowanym w Wydawnictwie UMK.<\/p>\n\n\n\n<ul class=\"wp-block-list\">\n<li>Chmielewska Dominika, Jaszczuk Maciej, Lis Piotr, Pilkiewicz Krystyna, <strong><em>W poszukiwaniu uniwersalnej intuicyjno\u015bci. Badanie u\u017cytkownik\u00f3w gry mobilnej<\/em><\/strong>, [w:] Architektura informacji. Teoria i praktyka, Toru\u0144 2024, red. nauk. M. Cyrklaff-Gorczyca, W. Kortas, P. Rudera, s. 69-82.<\/li>\n\n\n\n<li>Cyrklaff-Gorczyca Magdalena, Marzec Pawe\u0142, <em><strong>Wyb\u00f3r narz\u0119dzi do sortowania kart w procesie projektowania Portalu Informacyjnego Uniwersytetu Miko\u0142aja Kopernika w Toruniu <\/strong><\/em>, [w:] Architektura informacji. Teoria i praktyka, Toru\u0144 2024, red. nauk. M. Cyrklaff-Gorczyca, W. Kortas, P. Rudera, s. 99-120.<\/li>\n\n\n\n<li>Gawe\u0142 Hanna, <em><strong>Komunikowanie tre\u015bci o charakterze naukowym z wykorzystaniem Twittera w niszy #AcademicTwitter<\/strong><\/em>, [w:] Architektura informacji. Teoria i praktyka, Toru\u0144 2024, red. nauk. M. Cyrklaff-Gorczyca, W. Kortas, P. Rudera, s. 159-182.<\/li>\n\n\n\n<li>Lapin Kristina, <em><strong>U\u017cyteczne sposoby bezpiecznego graficznego uwierzytelniania u\u017cytkownika<\/strong><\/em>, [w:] Architektura informacji. Teoria i praktyka, Toru\u0144 2024, red. nauk. M. Cyrklaff-Gorczyca, W. Kortas, P. Rudera, s. 121-136.<\/li>\n\n\n\n<li>Sajna-Kosobucka Paulina, <em><strong>Architektura informacji a networking \u2013 analiza dyskursu w serwisach spo\u0142eczno\u015bciowych<\/strong><\/em>, [w:] Architektura informacji. Teoria i praktyka, Toru\u0144 2024, red. nauk. M. Cyrklaff-Gorczyca, W. Kortas, P. Rudera, s. 137-158.<\/li>\n\n\n\n<li>Sosnowski Jakub, <strong><em>Rozpoznawanie gest\u00f3w w projektowaniu UI i UX,<\/em><\/strong> [w:] Architektura informacji. Teoria i praktyka, Toru\u0144 2024, red. nauk. M. Cyrklaff-Gorczyca, W. Kortas, P. Rudera, s. 83-98.<\/li>\n\n\n\n<li>Sroka El\u017cbieta,<em><strong> W\u0119dr\u00f3wki g\u00f3rskie a aplikacje mobilne \u2013 opinie u\u017cytkownik\u00f3w<\/strong><\/em>, [w:] Architektura informacji. Teoria i praktyka, Toru\u0144 2024, red. nauk. M. Cyrklaff-Gorczyca, W. Kortas, P. Rudera, s. 15-48.<\/li>\n\n\n\n<li>Wilczek Piotr, <strong><em>Teoria architektury informacji w \u015bwietle filozoficznej koncepcji perspektywizmu<\/em><\/strong>, [w:] Architektura informacji. Teoria i praktyka, Toru\u0144 2024, red. nauk. M. Cyrklaff-Gorczyca, W. Kortas, P. Rudera, s. 183-228.<\/li>\n\n\n\n<li>Wytr\u0105\u017cek Justyna, \u0106wikli\u0144ska Kinga, Mikulski Maksymilian, Wo\u015b Anna, Domaga\u0142a Julia,<em><strong> Triangulacja bada\u0144 oraz ich wp\u0142yw na zwi\u0119kszenie u\u017cyteczno\u015bci \u015al\u0105skiej Biblioteki Cyfrowej<\/strong><\/em>, [w:] Architektura informacji. Teoria i praktyka, Toru\u0144 2024, red. nauk. M. Cyrklaff-Gorczyca, W. Kortas, P. Rudera, s. 49-68.<\/li>\n<\/ul>\n\n\n\n<p class=\"has-text-align-center\">\u2190 <a href=\"https:\/\/wiad.edu.pl\/www\/wiad-2022-polaczony-swiat\/\" data-type=\"page\" data-id=\"291\">Wr\u00f3\u0107 do <strong>Edycji 2022<\/strong> <\/a><\/p>\n\n\n<div class=\"wp-block-image\">\n<figure class=\"aligncenter size-full is-resized\"><img loading=\"lazy\" decoding=\"async\" width=\"150\" height=\"150\" src=\"https:\/\/wiad.edu.pl\/www\/wp-content\/uploads\/logo1-150x150-1.png\" alt=\"\" class=\"wp-image-158\" style=\"width:56px;height:auto\"\/><\/figure>\n<\/div>\n\n\n<h2 class=\"wp-block-heading has-text-align-center\" id=\"2021\">Publikacja 2021<\/h2>\n\n\n\n<p><\/p>\n\n\n\n<p class=\"has-text-align-center has-small-font-size\" style=\"padding-right:var(--wp--preset--spacing--80);padding-left:var(--wp--preset--spacing--80)\">Artyku\u0142y pokonferencyjne WIAD 2021 \u201eCiekawo\u015b\u0107\u201d ukaza\u0142y si\u0119 w tomie pt. <em><strong><a href=\"https:\/\/wydawnictwo.umk.pl\/produkt\/architektura-informacji-badania-i-praktyka\" data-type=\"link\" data-id=\"https:\/\/wydawnictwo.umk.pl\/produkt\/architektura-informacji-badania-i-praktyka\" target=\"_blank\" rel=\"noreferrer noopener\">Architektura informacji. Badania i praktyka<\/a> <\/strong><\/em>pod redakcj\u0105 naukow\u0105 Ewy G\u0142owackiej i Weroniki Kortas opublikowanym w Wydawnictwie UMK.<\/p>\n\n\n\n<ul class=\"wp-block-list\">\n<li>Chlebiej Joanna, Schulders Maria, <em><strong>The Implementation of Flow in the Design Thinking Process<\/strong><\/em>, [w:] Architektura informacji. Badania i praktyka, red. nauk. E. G\u0142owacka i W. Kortas, Toru\u0144 2022, s. 41-56.<\/li>\n\n\n\n<li>Golczak Konrad, <em><strong>Bezpiecze\u0144stwo przemys\u0142owych sieci IoT \u2013 LoRaWAN \u2013 Scyther\/Tamarin ProVerif<\/strong><\/em>, [w:] Architektura informacji. Badania i praktyka, red. nauk. E. G\u0142owacka i W. Kortas, Toru\u0144 2022, s. 155-172.<\/li>\n\n\n\n<li>Hirayama Yuki, <em><strong>From Chaos to Clarity, Curiosity as a Compass<\/strong><\/em>, [w:] Architektura informacji. Badania i praktyka, red. nauk. E. G\u0142owacka i W. Kortas, Toru\u0144 2022, s. 11-20.<\/li>\n\n\n\n<li>Kapu\u015bci\u0144ska Anna, <em><strong>Architektura informacji z perspektywy semiotyki architektury<\/strong><\/em>, [w:] Architektura informacji. Badania i praktyka, red. nauk. E. G\u0142owacka i W. Kortas, Toru\u0144 2022, s. 235-246.<\/li>\n\n\n\n<li>Malinowski Micha\u0142, <em><strong>Algorytm rekomendacji opieraj\u0105cy si\u0119 na sesjach rekomendacji w kontek\u015bcie wag klas i ahistoryczno\u015bci<\/strong><\/em>, [w:] Architektura informacji. Badania i praktyka, red. nauk. E. G\u0142owacka i W. Kortas, Toru\u0144 2022, s. 103-122.<\/li>\n\n\n\n<li>Mider Daniel, <em><strong>Cyber Threats and the State \u2013 Towards a Comprehensive Model<\/strong><\/em>, [w:] Architektura informacji. Badania i praktyka, red. nauk. E. G\u0142owacka i W. Kortas, Toru\u0144 2022, s. 123-154.<\/li>\n\n\n\n<li>M\u0142ynarski Grzegorz, <em><strong>Architektura informacji i struktura bada\u0144 realizowanych z wykorzystaniem bot\u00f3w i rozwi\u0105za\u0144 opartych na sztucznej inteligencji<\/strong><\/em>, [w:] Architektura informacji. Badania i praktyka, red. nauk. E. G\u0142owacka i W. Kortas, Toru\u0144 2022, s. 69-90.<\/li>\n\n\n\n<li>Sajna-Kosobucka Paulina, <em><strong>Zjawisko tutorializacji a architektura informacji w tutorialach typu carousel posts na Instagramie<\/strong><\/em>, [w:] Architektura informacji. Badania i praktyka, red. nauk. E. G\u0142owacka i W. Kortas, Toru\u0144 2022, s. 199-220.<\/li>\n\n\n\n<li>Sosnowski Jakub, <em><strong>Artificial Intelligence as Support for UI\/UX Designers<\/strong><\/em>, [w:] Architektura informacji. Badania i praktyka, red. nauk. E. G\u0142owacka i W. Kortas, Toru\u0144 2022, s. 57-68.<\/li>\n\n\n\n<li>St\u0119pie\u0144 Kamil, <em><strong>\u201eMedialica\u201d jako nowy typ czasopisma<\/strong><\/em>, [w:] Architektura informacji. Badania i praktyka, red. nauk. E. G\u0142owacka i W. Kortas, Toru\u0144 2022, s. 221-234.<\/li>\n\n\n\n<li>Tiurmenko Iryna, Khaletska Lesia, Struk Iryna, <em><strong>Gaming Component of the Ukrainian Children\u2019s Libraries Websites<\/strong><\/em>, [w:] Architektura informacji. Badania i praktyka, red. nauk. E. G\u0142owacka i W. Kortas, Toru\u0144 2022, s. 173-198.<\/li>\n\n\n\n<li>Werszler Rafa\u0142, <strong><em>Wp\u0142yw Jeana Garniera na nowo\u017cytn\u0105 segregacj\u0119 zbior\u00f3w jezuickich<\/em><\/strong>, [w:] Architektura informacji. Badania i praktyka, red. nauk. E. G\u0142owacka i W. Kortas, Toru\u0144 2022, s. 247-256.<\/li>\n\n\n\n<li>Wilko\u0144 \u0141ukasz, <em><strong>Emotion Detection on Transcript Data<\/strong><\/em>, [w:] Architektura informacji. Badania i praktyka, red. nauk. E. G\u0142owacka i W. Kortas, Toru\u0144 2022, s. 91-103.<\/li>\n\n\n\n<li>Wytr\u0105\u017cek Justyna, Parko\u0142a Tomasz, <em><strong>Badanie zachowa\u0144 u\u017cytkownik\u00f3w Repozytorium Cyfrowego Instytut\u00f3w Naukowych oraz Wielkopolskiej Biblioteki Cyfrowe<\/strong><\/em>,  [w:] Architektura informacji. Badania i praktyka, red. nauk. E. G\u0142owacka i W. Kortas, Toru\u0144 2022, s. 21-40.<\/li>\n<\/ul>\n\n\n\n<p class=\"has-text-align-center\">\u2190 <a href=\"https:\/\/wiad.edu.pl\/www\/wiad-2021-ciekawosc\/\" data-type=\"page\" data-id=\"295\">Wr\u00f3\u0107 do <strong>Edycji 2021<\/strong><\/a><\/p>\n\n\n<div class=\"wp-block-image\">\n<figure class=\"aligncenter size-full is-resized\"><img loading=\"lazy\" decoding=\"async\" width=\"150\" height=\"150\" src=\"https:\/\/wiad.edu.pl\/www\/wp-content\/uploads\/logo1-150x150-1.png\" alt=\"\" class=\"wp-image-158\" style=\"width:56px;height:auto\"\/><\/figure>\n<\/div>\n\n\n<p><\/p>\n\n\n\n<h2 class=\"wp-block-heading has-text-align-center\" id=\"2020\">Publikacja 2020<\/h2>\n\n\n\n<p><\/p>\n\n\n\n<p class=\"has-text-align-center has-small-font-size\" style=\"padding-right:var(--wp--preset--spacing--80);padding-left:var(--wp--preset--spacing--80)\">Artyku\u0142y pokonferencyjne WIAD 2020 \u201eArchitektura informacji istot\u0105 projektu\u201d ukaza\u0142y si\u0119 w <strong><a href=\"https:\/\/www.researchgate.net\/publication\/350194447_Architektura_Informacji_Istota_Projektu\" data-type=\"link\" data-id=\"https:\/\/www.researchgate.net\/publication\/350194447_Architektura_Informacji_Istota_Projektu\" target=\"_blank\" rel=\"noreferrer noopener\">tomie pod tym samym tytu\u0142em<\/a><\/strong> pod redakcj\u0105 Weroniki Kortas, Piotra Rudery oraz Piotra Chmielewskiego &#8211; <strong><mark style=\"background-color:rgba(0, 0, 0, 0);color:#00a100\" class=\"has-inline-color\">OTWARTY DOST\u0118P<\/mark><\/strong><\/p>\n\n\n\n<ul class=\"wp-block-list\">\n<li>Bartosiak Katarzyna, Banaszewski Kamil,<strong><em> Architektura informacji stron internetowych bibliotek uczelni badawczych<\/em><\/strong>, [w:] Architektura informacji istot\u0105 projektu, red. W. Kortas, P. Rudera, P. Chmielewski, Toru\u0144 2021, s. 47-73.<\/li>\n\n\n\n<li>Chmielewski Piotr, <strong><em>Wizualizacja informacji jako pomoc dla administrator\u00f3w IT \u2013 przegl\u0105d wybranych problem\u00f3w<\/em><\/strong>, [w:] Architektura informacji istot\u0105 projektu, red. W. Kortas, P. Rudera, P. Chmielewski, Toru\u0144 2021, s. 111-132.<\/li>\n\n\n\n<li>Dziwak Ewelina, <strong><em>Od tradycyjnego dziennikarstwa w kierunku dziennikarstwa danych. Projektowanie informacji w oparciu o bazy danych<\/em><\/strong>, [w:] Architektura informacji istot\u0105 projektu, red. W. Kortas, P. Rudera, P. Chmielewski, Toru\u0144 2021, s. 95-110.<\/li>\n\n\n\n<li>Ha\u0144czyk Samuel, Ciszewski Tymon,<em><strong> Analiza danych z serwisu twitter.com pod k\u0105tem hipotetycznej III wojny \u015bwiatowej<\/strong><\/em>, [w:] Architektura informacji istot\u0105 projektu, red. W. Kortas, P. Rudera, P. Chmielewski, Toru\u0144 2021, s. 217-228.<\/li>\n\n\n\n<li>Kuty\u0142a Wojciech, <em><strong>Jak uczy\u0107 UX na uniwersytecie?<\/strong><\/em> [w:] Architektura informacji istot\u0105 projektu, red. W. Kortas, P. Rudera, P. Chmielewski, Toru\u0144 2021, s. 7-15.<\/li>\n\n\n\n<li>Lubi\u0144ski Alex, Larma Sebastian, <strong><em>Manipulacja i przetwarzanie d\u017awi\u0119ku w muzyce. Kr\u00f3tkie uj\u0119cie historyczne, praktyczne i wybrane aspekty kognitywne<\/em><\/strong>, [w:] Architektura informacji istot\u0105 projektu, red. W. Kortas, P. Rudera, P. Chmielewski, Toru\u0144 2021, s. 158-177.<\/li>\n\n\n\n<li>\u0141ysiuk Wiktora, <strong><em>Architektura informacji wizualnej na przyk\u0142adzie tragedii Titanic<\/em><\/strong>a, [w:] Architektura informacji istot\u0105 projektu, red. W. Kortas, P. Rudera, P. Chmielewski, Toru\u0144 2021, s. 131-157.<\/li>\n\n\n\n<li>Michalski Sebastian, <em><strong>Graficzne interfejsy do zada\u0144 specjalnych<\/strong><\/em>, [w:] Architektura informacji istot\u0105 projektu, red. W. Kortas, P. Rudera, P. Chmielewski, Toru\u0144 2021, s. 205-216.<\/li>\n\n\n\n<li>Niedzi\u00f3\u0142ka Tomasz, <em><strong>Tworzenie architektury informacji w drodze bada\u0144 z u\u017cytkownikami<\/strong><\/em>, [w:] Architektura informacji istot\u0105 projektu, red. W. Kortas, P. Rudera, P. Chmielewski, Toru\u0144 2021, s. 16-28.<\/li>\n\n\n\n<li>Rudera Piotr, <em><strong>Wyborcze last minute. Badanie u\u017cyteczno\u015bci wybranych test\u00f3w preferencji wyborczych w kontek\u015bcie teorii system\u00f3w eksperckich i makdonaldyzacji<\/strong><\/em>, [w:] Architektura informacji istot\u0105 projektu, red. W. Kortas, P. Rudera, P. Chmielewski, Toru\u0144 2021, s. 29-46.<\/li>\n\n\n\n<li>St\u0119pski S\u0142awomir, <strong><em>Architektura informacji a tre\u015bci w j\u0119zykach migowych w serwisach internetowych, <\/em><\/strong>[w:] Architektura informacji istot\u0105 projektu, red. W. Kortas, P. Rudera, P. Chmielewski, Toru\u0144 2021, s. 74-94.<\/li>\n\n\n\n<li>Szajkowski Jakub, Gonciarz Szymon, <em><strong>Architektura grafu informacji na podstawie tweet\u00f3w tematycznych<\/strong><\/em>, [w:] Architektura informacji istot\u0105 projektu, red. W. Kortas, P. Rudera, P. Chmielewski, Toru\u0144 2021, s. 178-204.<\/li>\n<\/ul>\n\n\n\n<p class=\"has-text-align-center\">\u2190 <a href=\"https:\/\/wiad.edu.pl\/www\/wiad-2020-architektura-informacji-istota-projektu\/\" data-type=\"page\" data-id=\"297\">Wr\u00f3\u0107 do <strong>Edycji 2020<\/strong><\/a><\/p>\n\n\n<div class=\"wp-block-image\">\n<figure class=\"aligncenter size-full is-resized\"><img loading=\"lazy\" decoding=\"async\" width=\"150\" height=\"150\" src=\"https:\/\/wiad.edu.pl\/www\/wp-content\/uploads\/logo1-150x150-1.png\" alt=\"\" class=\"wp-image-158\" style=\"width:56px;height:auto\"\/><\/figure>\n<\/div>\n\n\n<h2 class=\"wp-block-heading has-text-align-center\" id=\"2019\">Publikacja 2019<\/h2>\n\n\n\n<p><\/p>\n\n\n\n<p class=\"has-text-align-center has-small-font-size\" style=\"padding-right:var(--wp--preset--spacing--80);padding-left:var(--wp--preset--spacing--80)\">Artyku\u0142y pokonferencyjne WIAD 2019 \u201eProjektowanie dla r\u00f3\u017cnorodno\u015bci\u201d ukaza\u0142y si\u0119 w czasopi\u015bmie \u201eToru\u0144skie Studia Bibliologiczne\u201d, <strong><a href=\"https:\/\/apcz.umk.pl\/TSB\/issue\/view\/1426\" data-type=\"link\" data-id=\"https:\/\/apcz.umk.pl\/TSB\/issue\/view\/1426\" target=\"_blank\" rel=\"noreferrer noopener\">nr 1\/2019 (22) <\/a><\/strong>oraz <strong><a href=\"https:\/\/apcz.umk.pl\/TSB\/issue\/view\/1542\" data-type=\"link\" data-id=\"https:\/\/apcz.umk.pl\/TSB\/issue\/view\/1542\" target=\"_blank\" rel=\"noreferrer noopener\">2\/2019 (23)<\/a><\/strong> &#8211; <strong><mark style=\"background-color:rgba(0, 0, 0, 0);color:#00a100\" class=\"has-inline-color\">OTWARTY DOST\u0118P<\/mark><\/strong><\/p>\n\n\n\n<ul class=\"wp-block-list\">\n<li>Dukalska-Hermut Joanna,<strong><em> Od kultury obrazu do wizualizacji informacji<\/em><\/strong>, \u201eToru\u0144skie Studia Bibliologiczne\u201d, 2019, nr 1 (22), s. 29-44.<\/li>\n\n\n\n<li>Gawe\u0142 Hanna, <em><strong>Wyzwania projektowania IA dla arabskoj\u0119zycznego u\u017cytkownika<\/strong><\/em>, \u201eToru\u0144skie Studia Bibliologiczne\u201d, 2019, nr 2 (23), s. 55-67.<\/li>\n\n\n\n<li>Konopa Bart\u0142omiej, <em><strong>Zachowanie r\u00f3\u017cnorodno\u015bci Sieci w archiwach Webu<\/strong><\/em>, \u201eToru\u0144skie Studia Bibliologiczne\u201d, 2019, nr 1 (22), s. 45-65.<\/li>\n\n\n\n<li>Lota B\u0142a\u017cej Marcin, <em><strong>Analiza dzia\u0142a\u0144 informacyjnych i promocji Wojsk Obrony Terytorialnej w mediach spo\u0142eczno\u015bciowych i na stronie WWW<\/strong><\/em>, \u201eToru\u0144skie Studia Bibliologiczne\u201d, 2019, nr 2 (23), s. 181-195.<\/li>\n\n\n\n<li>Szalach Adam Jakub, <strong><em>Analiza i charakterystyka architektury informacji platformy Google Classroom<\/em><\/strong>, \u201eToru\u0144skie Studia Bibliologiczne\u201d, 2019, nr 2 (23), 37-53.<\/li>\n\n\n\n<li>Turczyn Katarzyna, Lepianka Agnieszka, <em><strong>Badania u\u017cyteczno\u015bci system\u00f3w w instytucjach publicznych na przyk\u0142adzie O\u015brodka Przetwarzania Informacji \u2013 Pa\u0144stwowego Instytutu Badawczego<\/strong><\/em>, \u201eToru\u0144skie Studia Bibliologiczne\u201d, 2019, nr 1 (22), s. 161-179.<\/li>\n<\/ul>\n\n\n\n<p class=\"has-text-align-center\">\u2190 <a href=\"https:\/\/wiad.edu.pl\/www\/wiad-2019-projektowanie-dla-roznorodnosci\/\" data-type=\"page\" data-id=\"299\">Wr\u00f3\u0107 do <strong>Edycji 2019<\/strong><\/a><\/p>\n\n\n\n<p><\/p>\n","protected":false},"excerpt":{"rendered":"<p>Publikacja 2022 Artyku\u0142y pokonferencyjne WIAD 2022 \u201ePo\u0142\u0105czony \u015bwiat\u201d ukaza\u0142y si\u0119 w tomie pt. Architektura informacji. Teoria i praktyka pod redakcj\u0105 naukow\u0105 Magdaleny Cyrklaff-Gorczycy, Weroniki Kortas i Piotra Rudery opublikowanym w Wydawnictwie UMK. \u2190 Wr\u00f3\u0107 do Edycji 2022 Publikacja 2021 Artyku\u0142y pokonferencyjne WIAD 2021 \u201eCiekawo\u015b\u0107\u201d ukaza\u0142y si\u0119 w tomie pt. Architektura informacji. Badania i praktyka pod&#8230;<\/p>\n","protected":false},"author":1,"featured_media":0,"parent":0,"menu_order":0,"comment_status":"closed","ping_status":"closed","template":"","meta":{"_kad_post_transparent":"","_kad_post_title":"","_kad_post_layout":"","_kad_post_sidebar_id":"","_kad_post_content_style":"unboxed","_kad_post_vertical_padding":"","_kad_post_feature":"","_kad_post_feature_position":"","_kad_post_header":false,"_kad_post_footer":false,"_kad_post_classname":"","footnotes":""},"class_list":["post-35","page","type-page","status-publish","hentry"],"_links":{"self":[{"href":"https:\/\/wiad.edu.pl\/www\/wp-json\/wp\/v2\/pages\/35","targetHints":{"allow":["GET"]}}],"collection":[{"href":"https:\/\/wiad.edu.pl\/www\/wp-json\/wp\/v2\/pages"}],"about":[{"href":"https:\/\/wiad.edu.pl\/www\/wp-json\/wp\/v2\/types\/page"}],"author":[{"embeddable":true,"href":"https:\/\/wiad.edu.pl\/www\/wp-json\/wp\/v2\/users\/1"}],"replies":[{"embeddable":true,"href":"https:\/\/wiad.edu.pl\/www\/wp-json\/wp\/v2\/comments?post=35"}],"version-history":[{"count":45,"href":"https:\/\/wiad.edu.pl\/www\/wp-json\/wp\/v2\/pages\/35\/revisions"}],"predecessor-version":[{"id":407,"href":"https:\/\/wiad.edu.pl\/www\/wp-json\/wp\/v2\/pages\/35\/revisions\/407"}],"wp:attachment":[{"href":"https:\/\/wiad.edu.pl\/www\/wp-json\/wp\/v2\/media?parent=35"}],"curies":[{"name":"wp","href":"https:\/\/api.w.org\/{rel}","templated":true}]}}