
{"id":299,"date":"2025-11-04T09:33:27","date_gmt":"2025-11-04T08:33:27","guid":{"rendered":"https:\/\/wiad.edu.pl\/www\/?page_id=299"},"modified":"2025-11-04T11:16:31","modified_gmt":"2025-11-04T10:16:31","slug":"wiad-2019-projektowanie-dla-roznorodnosci","status":"publish","type":"page","link":"https:\/\/wiad.edu.pl\/www\/wiad-2019-projektowanie-dla-roznorodnosci\/","title":{"rendered":"WIAD 2019: Projektowanie dla r\u00f3\u017cnorodno\u015bci"},"content":{"rendered":"\n<p class=\"has-text-align-center has-theme-palette-3-color has-text-color has-link-color wp-elements-380156b2d7f44db49873133e73f188ba\" style=\"font-size:25px\"><strong>23 lutego 2019 r.<\/strong><\/p>\n\n\n<div class=\"wp-block-image\">\n<figure class=\"aligncenter size-full is-resized\"><img loading=\"lazy\" decoding=\"async\" width=\"150\" height=\"150\" src=\"https:\/\/wiad.edu.pl\/www\/wp-content\/uploads\/logo1-150x150-1.png\" alt=\"\" class=\"wp-image-158\" style=\"width:75px\"\/><\/figure>\n<\/div>\n\n\n<div class=\"wp-block-columns alignwide is-layout-flex wp-container-core-columns-is-layout-30ac8118 wp-block-columns-is-layout-flex\" style=\"padding-right:var(--wp--preset--spacing--50);padding-left:var(--wp--preset--spacing--50)\">\n<div class=\"wp-block-column is-layout-flow wp-block-column-is-layout-flow\" style=\"flex-basis:33.33%\">\n<p><a href=\"https:\/\/wiad.edu.pl\/www\/wp-content\/uploads\/wiad-2019-program.pdf\" target=\"_blank\" rel=\"noreferrer noopener\"><strong>Program 2019<\/strong>&nbsp;(PDF, nowe okno)<\/a>&nbsp;<\/p>\n\n\n\n<p><a href=\"https:\/\/wiad.edu.pl\/www\/wp-content\/uploads\/wiad-2019-ksiega.pdf\" target=\"_blank\" rel=\"noreferrer noopener\"><strong>Abstrakty 2019&nbsp;<\/strong>(PDF, nowe okno)&nbsp;<\/a>&nbsp;<\/p>\n\n\n\n<p><strong><a href=\"https:\/\/wiad.edu.pl\/www\/publikacje#2019\">Publikacja 2019<\/a><\/strong><\/p>\n<\/div>\n\n\n\n<div class=\"wp-block-column is-layout-flow wp-block-column-is-layout-flow\" style=\"flex-basis:66.66%\">\n<p>Jako projektanci AI odpowiadamy za tworzenie do\u015bwiadcze\u0144, \u015brodowisk, us\u0142ug i system\u00f3w, kt\u00f3re wp\u0142ywaj\u0105 na miliony ludzi. Chocia\u017c nie sk\u0142adamy przysi\u0119gi Hipokratesa, wa\u017cne jest, aby\u015bmy realizowali podobne jak zawarte w niej cele: \u201eczyni\u0107 dobro\u201d i \u201enie szkodzi\u0107\u201d. Naszym obowi\u0105zkiem jest bra\u0107 pod uwag\u0119 konsekwencje i wp\u0142yw, jaki nasze decyzje projektowe maj\u0105 na ludzko\u015b\u0107 i spo\u0142ecze\u0144stwo jako ca\u0142o\u015b\u0107.<\/p>\n\n\n\n<p>Badania s\u0105 podstawowym krokiem w procesie projektowania. Gwarantuj\u0105 one, \u017ce zrozumiemy i uwzgl\u0119dnimy zr\u00f3\u017cnicowane potrzeby u\u017cytkownik\u00f3w, zar\u00f3wno lokalnie jak i globalnie.<\/p>\n\n\n\n<p>Ka\u017cda osoba jest inna i ma inne potrzeby. Musimy uwzgl\u0119dni\u0107 te r\u00f3\u017cnice przy projektowaniu.<\/p>\n\n\n\n<p>O jakie r\u00f3\u017cnice chodzi? W kompetencjach, w sprawno\u015bci, w dost\u0119pie do informacji i technologii, j\u0119zykowe i kulturowe, wieku, p\u0142ci i to\u017csamo\u015bci, w do\u015bwiadczeniu.<\/p>\n<\/div>\n<\/div>\n\n\n\n<p class=\"has-text-align-center\"><\/p>\n\n\n<div class=\"wp-block-image\">\n<figure class=\"aligncenter size-full is-resized\"><img loading=\"lazy\" decoding=\"async\" width=\"150\" height=\"150\" src=\"https:\/\/wiad.edu.pl\/www\/wp-content\/uploads\/logo1-150x150-1.png\" alt=\"\" class=\"wp-image-158\" style=\"width:75px\"\/><\/figure>\n<\/div>\n\n\n<p class=\"has-text-align-center\">\u2190 <a href=\"https:\/\/wiad.edu.pl\/www\/poprzednie-edycje\/\" data-type=\"page\" data-id=\"11\">Powr\u00f3\u0107 do <strong>listy poprzednich edycji<\/strong><\/a><\/p>\n","protected":false},"excerpt":{"rendered":"<p>23 lutego 2019 r. Program 2019&nbsp;(PDF, nowe okno)&nbsp; Abstrakty 2019&nbsp;(PDF, nowe okno)&nbsp;&nbsp; Publikacja 2019 Jako projektanci AI odpowiadamy za tworzenie do\u015bwiadcze\u0144, \u015brodowisk, us\u0142ug i system\u00f3w, kt\u00f3re wp\u0142ywaj\u0105 na miliony ludzi. Chocia\u017c nie sk\u0142adamy przysi\u0119gi Hipokratesa, wa\u017cne jest, aby\u015bmy realizowali podobne jak zawarte w niej cele: \u201eczyni\u0107 dobro\u201d i \u201enie szkodzi\u0107\u201d. Naszym obowi\u0105zkiem jest bra\u0107 pod&#8230;<\/p>\n","protected":false},"author":1,"featured_media":0,"parent":0,"menu_order":0,"comment_status":"closed","ping_status":"closed","template":"","meta":{"_kad_post_transparent":"","_kad_post_title":"","_kad_post_layout":"","_kad_post_sidebar_id":"","_kad_post_content_style":"","_kad_post_vertical_padding":"","_kad_post_feature":"","_kad_post_feature_position":"","_kad_post_header":false,"_kad_post_footer":false,"_kad_post_classname":"","footnotes":""},"class_list":["post-299","page","type-page","status-publish","hentry"],"_links":{"self":[{"href":"https:\/\/wiad.edu.pl\/www\/wp-json\/wp\/v2\/pages\/299","targetHints":{"allow":["GET"]}}],"collection":[{"href":"https:\/\/wiad.edu.pl\/www\/wp-json\/wp\/v2\/pages"}],"about":[{"href":"https:\/\/wiad.edu.pl\/www\/wp-json\/wp\/v2\/types\/page"}],"author":[{"embeddable":true,"href":"https:\/\/wiad.edu.pl\/www\/wp-json\/wp\/v2\/users\/1"}],"replies":[{"embeddable":true,"href":"https:\/\/wiad.edu.pl\/www\/wp-json\/wp\/v2\/comments?post=299"}],"version-history":[{"count":6,"href":"https:\/\/wiad.edu.pl\/www\/wp-json\/wp\/v2\/pages\/299\/revisions"}],"predecessor-version":[{"id":389,"href":"https:\/\/wiad.edu.pl\/www\/wp-json\/wp\/v2\/pages\/299\/revisions\/389"}],"wp:attachment":[{"href":"https:\/\/wiad.edu.pl\/www\/wp-json\/wp\/v2\/media?parent=299"}],"curies":[{"name":"wp","href":"https:\/\/api.w.org\/{rel}","templated":true}]}}