
{"id":297,"date":"2025-11-04T09:33:18","date_gmt":"2025-11-04T08:33:18","guid":{"rendered":"https:\/\/wiad.edu.pl\/www\/?page_id=297"},"modified":"2025-11-04T21:37:47","modified_gmt":"2025-11-04T20:37:47","slug":"wiad-2020-architektura-informacji-istota-projektu","status":"publish","type":"page","link":"https:\/\/wiad.edu.pl\/www\/wiad-2020-architektura-informacji-istota-projektu\/","title":{"rendered":"WIAD 2020: Architektura informacji istot\u0105 projektu"},"content":{"rendered":"\n<p class=\"has-text-align-center has-theme-palette-3-color has-text-color has-link-color wp-elements-b8b61a161afa394df01f17d99e101564\" style=\"font-size:25px\"><strong>22 lutego 2020 r.<\/strong> <\/p>\n\n\n<div class=\"wp-block-image\">\n<figure class=\"aligncenter size-full is-resized\"><img loading=\"lazy\" decoding=\"async\" width=\"150\" height=\"150\" src=\"https:\/\/wiad.edu.pl\/www\/wp-content\/uploads\/logo1-150x150-1.png\" alt=\"\" class=\"wp-image-158\" style=\"width:75px\"\/><\/figure>\n<\/div>\n\n\n<div class=\"wp-block-columns alignwide is-layout-flex wp-container-core-columns-is-layout-30ac8118 wp-block-columns-is-layout-flex\" style=\"padding-right:var(--wp--preset--spacing--50);padding-left:var(--wp--preset--spacing--50)\">\n<div class=\"wp-block-column is-layout-flow wp-block-column-is-layout-flow\" style=\"padding-right:0;padding-left:0;flex-basis:33.33%\">\n<p><a href=\"https:\/\/wiad.edu.pl\/www\/wp-content\/uploads\/wiad-2020-program.pdf\" target=\"_blank\" rel=\"noreferrer noopener\"><strong>Program 2020&nbsp;<\/strong>(PDF, nowe okno)<\/a>&nbsp;<\/p>\n\n\n\n<p><a href=\"https:\/\/wiad.edu.pl\/www\/wp-content\/uploads\/wiad-2020-ksiega.pdf\" target=\"_blank\" rel=\"noreferrer noopener\"><strong>Abstrakty 2020<\/strong>&nbsp;(PDF, nowe okno)&nbsp;<\/a><\/p>\n\n\n\n<p><a href=\"https:\/\/www.facebook.com\/media\/set\/?set=a.3121558017983172\" data-type=\"link\" data-id=\"https:\/\/www.facebook.com\/media\/set\/?set=a.3121558017983172\" target=\"_blank\" rel=\"noreferrer noopener\"><strong>Galeria 2020<\/strong> (Facebook, nowe okno)<\/a><\/p>\n\n\n\n<p><strong><a href=\"https:\/\/wiad.edu.pl\/www\/publikacje#2020\">Publikacja 2020<\/a><\/strong><\/p>\n\n\n\n<p><\/p>\n<\/div>\n\n\n\n<div class=\"wp-block-column is-layout-flow wp-block-column-is-layout-flow\" style=\"flex-basis:66.66%\">\n<p>Architektura Informacji jest niezb\u0119dna do tworzenia \u0142adu w przestrzeni otaczaj\u0105cej cz\u0142owieka; kluczowa, poniewa\u017c pozwala u\u017cytkownikom skorzysta\u0107 z produktu dok\u0142adnie tak, jak tego oczekuj\u0105 \u2013 bez frustracji; elementarna, jako pierwiastek projektu jest jednym z wielu, ale istotnym elementem ca\u0142o\u015bci. Architektura Informacji istot\u0105 projektu \u2013 \u0142\u0105czy u\u017cytkownik\u00f3w ko\u0144cowych, interesariuszy, projektant\u00f3w i programist\u00f3w. Jest pomostem, kt\u00f3ry wi\u0105\u017ce poprzez zrozumienie.<\/p>\n<\/div>\n<\/div>\n\n\n\n<p class=\"has-text-align-center\"><\/p>\n\n\n<div class=\"wp-block-image\">\n<figure class=\"aligncenter size-full is-resized\"><img loading=\"lazy\" decoding=\"async\" width=\"150\" height=\"150\" src=\"https:\/\/wiad.edu.pl\/www\/wp-content\/uploads\/logo1-150x150-1.png\" alt=\"\" class=\"wp-image-158\" style=\"width:75px\"\/><\/figure>\n<\/div>\n\n\n<p class=\"has-text-align-center\">\u2190 <a href=\"https:\/\/wiad.edu.pl\/www\/poprzednie-edycje\/\" data-type=\"page\" data-id=\"11\">Powr\u00f3\u0107 do <strong>listy poprzednich edycji<\/strong><\/a><\/p>\n","protected":false},"excerpt":{"rendered":"<p>22 lutego 2020 r. Program 2020&nbsp;(PDF, nowe okno)&nbsp; Abstrakty 2020&nbsp;(PDF, nowe okno)&nbsp; Galeria 2020 (Facebook, nowe okno) Publikacja 2020 Architektura Informacji jest niezb\u0119dna do tworzenia \u0142adu w przestrzeni otaczaj\u0105cej cz\u0142owieka; kluczowa, poniewa\u017c pozwala u\u017cytkownikom skorzysta\u0107 z produktu dok\u0142adnie tak, jak tego oczekuj\u0105 \u2013 bez frustracji; elementarna, jako pierwiastek projektu jest jednym z wielu, ale istotnym&#8230;<\/p>\n","protected":false},"author":1,"featured_media":0,"parent":0,"menu_order":0,"comment_status":"closed","ping_status":"closed","template":"","meta":{"_kad_post_transparent":"","_kad_post_title":"","_kad_post_layout":"","_kad_post_sidebar_id":"","_kad_post_content_style":"","_kad_post_vertical_padding":"","_kad_post_feature":"","_kad_post_feature_position":"","_kad_post_header":false,"_kad_post_footer":false,"_kad_post_classname":"","footnotes":""},"class_list":["post-297","page","type-page","status-publish","hentry"],"_links":{"self":[{"href":"https:\/\/wiad.edu.pl\/www\/wp-json\/wp\/v2\/pages\/297","targetHints":{"allow":["GET"]}}],"collection":[{"href":"https:\/\/wiad.edu.pl\/www\/wp-json\/wp\/v2\/pages"}],"about":[{"href":"https:\/\/wiad.edu.pl\/www\/wp-json\/wp\/v2\/types\/page"}],"author":[{"embeddable":true,"href":"https:\/\/wiad.edu.pl\/www\/wp-json\/wp\/v2\/users\/1"}],"replies":[{"embeddable":true,"href":"https:\/\/wiad.edu.pl\/www\/wp-json\/wp\/v2\/comments?post=297"}],"version-history":[{"count":12,"href":"https:\/\/wiad.edu.pl\/www\/wp-json\/wp\/v2\/pages\/297\/revisions"}],"predecessor-version":[{"id":441,"href":"https:\/\/wiad.edu.pl\/www\/wp-json\/wp\/v2\/pages\/297\/revisions\/441"}],"wp:attachment":[{"href":"https:\/\/wiad.edu.pl\/www\/wp-json\/wp\/v2\/media?parent=297"}],"curies":[{"name":"wp","href":"https:\/\/api.w.org\/{rel}","templated":true}]}}