
{"id":295,"date":"2025-11-04T09:33:05","date_gmt":"2025-11-04T08:33:05","guid":{"rendered":"https:\/\/wiad.edu.pl\/www\/?page_id=295"},"modified":"2025-11-04T11:16:09","modified_gmt":"2025-11-04T10:16:09","slug":"wiad-2021-ciekawosc","status":"publish","type":"page","link":"https:\/\/wiad.edu.pl\/www\/wiad-2021-ciekawosc\/","title":{"rendered":"WIAD 2021: Ciekawo\u015b\u0107"},"content":{"rendered":"\n<p class=\"has-text-align-center has-theme-palette-3-color has-text-color has-link-color wp-elements-432d9dcc22dab0c70ec9d7bd13b00d78\" style=\"font-size:25px\"><strong>27-28 lutego 2021 r.<\/strong> (online)<\/p>\n\n\n<div class=\"wp-block-image\">\n<figure class=\"aligncenter size-full is-resized\"><img loading=\"lazy\" decoding=\"async\" width=\"150\" height=\"150\" src=\"https:\/\/wiad.edu.pl\/www\/wp-content\/uploads\/logo1-150x150-1.png\" alt=\"\" class=\"wp-image-158\" style=\"width:75px\"\/><\/figure>\n<\/div>\n\n\n<div class=\"wp-block-columns alignwide is-layout-flex wp-container-core-columns-is-layout-30ac8118 wp-block-columns-is-layout-flex\" style=\"padding-right:var(--wp--preset--spacing--50);padding-left:var(--wp--preset--spacing--50)\">\n<div class=\"wp-block-column is-layout-flow wp-block-column-is-layout-flow\" style=\"flex-basis:33.33%\">\n<p><a href=\"https:\/\/wiad.edu.pl\/www\/wp-content\/uploads\/wiad-2021-program.pdf\" target=\"_blank\" rel=\"noreferrer noopener\"><strong>Program 2021&nbsp;<\/strong>(PDF, nowe okno)<\/a>&nbsp;<\/p>\n\n\n\n<p><a href=\"https:\/\/wiad.edu.pl\/www\/wp-content\/uploads\/wiad-2021-ksiega.pdf\" target=\"_blank\" rel=\"noreferrer noopener\"><strong>Abstrakty 2021<\/strong>&nbsp;(PDF, nowe okno)<\/a><\/p>\n\n\n\n<p><a href=\"https:\/\/www.facebook.com\/media\/set\/?set=a.3477392635733040\" data-type=\"link\" data-id=\"https:\/\/www.facebook.com\/media\/set\/?set=a.3477392635733040\" target=\"_blank\" rel=\"noreferrer noopener\"><strong>Galeria 2021 <\/strong>(Facebook, nowe okno)<\/a><\/p>\n\n\n\n<p><a href=\"https:\/\/wiad.edu.pl\/www\/publikacje#2021\"><strong>Publikacja 2021<\/strong><\/a><\/p>\n<\/div>\n\n\n\n<div class=\"wp-block-column is-layout-flow wp-block-column-is-layout-flow\" style=\"flex-basis:66.66%\">\n<p>\u201eCiekawo\u015b\u0107\u201d (\u201eCuriosity\u201d) to has\u0142o przewodnie Dnia Architektury Informacji 2021.<\/p>\n\n\n\n<p>Co dla Ciebie oznacza ciekawo\u015b\u0107? Co ciekawo\u015b\u0107 ma wsp\u00f3lnego z AI?<\/p>\n\n\n\n<p>Ciekawo\u015b\u0107 oznacza gotowo\u015b\u0107 do wyruszenia w podr\u00f3\u017c, kt\u00f3rej wyniku nie znasz. Chcemy, aby\u015bcie zmienili perspektyw\u0119, poznali inne punkty widzenia i spojrzeli na swoj\u0105 dotychczasow\u0105 wiedz\u0119 z innej strony. Bycie ciekawym daje nam mo\u017cliwo\u015b\u0107 wyj\u015bcia poza to, czego do tej pory byli\u015bmy \u015bwiadomi, do stworzenia nowych po\u0142\u0105cze\u0144 i relacji z lud\u017ami z innych \u015brodowisk, dyscyplin lub cz\u0119\u015bci \u015bwiata.<\/p>\n<\/div>\n<\/div>\n\n\n\n<p class=\"has-text-align-center\"><\/p>\n\n\n<div class=\"wp-block-image\">\n<figure class=\"aligncenter size-full is-resized\"><img loading=\"lazy\" decoding=\"async\" width=\"150\" height=\"150\" src=\"https:\/\/wiad.edu.pl\/www\/wp-content\/uploads\/logo1-150x150-1.png\" alt=\"\" class=\"wp-image-158\" style=\"width:75px\"\/><\/figure>\n<\/div>\n\n\n<p class=\"has-text-align-center\">\u2190 <a href=\"https:\/\/wiad.edu.pl\/www\/poprzednie-edycje\/\" data-type=\"page\" data-id=\"11\">Powr\u00f3\u0107 do <strong>listy poprzednich edycji<\/strong><\/a><\/p>\n","protected":false},"excerpt":{"rendered":"<p>27-28 lutego 2021 r. (online) Program 2021&nbsp;(PDF, nowe okno)&nbsp; Abstrakty 2021&nbsp;(PDF, nowe okno) Galeria 2021 (Facebook, nowe okno) Publikacja 2021 \u201eCiekawo\u015b\u0107\u201d (\u201eCuriosity\u201d) to has\u0142o przewodnie Dnia Architektury Informacji 2021. Co dla Ciebie oznacza ciekawo\u015b\u0107? Co ciekawo\u015b\u0107 ma wsp\u00f3lnego z AI? Ciekawo\u015b\u0107 oznacza gotowo\u015b\u0107 do wyruszenia w podr\u00f3\u017c, kt\u00f3rej wyniku nie znasz. Chcemy, aby\u015bcie zmienili perspektyw\u0119,&#8230;<\/p>\n","protected":false},"author":1,"featured_media":0,"parent":0,"menu_order":0,"comment_status":"closed","ping_status":"closed","template":"","meta":{"_kad_post_transparent":"","_kad_post_title":"","_kad_post_layout":"","_kad_post_sidebar_id":"","_kad_post_content_style":"","_kad_post_vertical_padding":"","_kad_post_feature":"","_kad_post_feature_position":"","_kad_post_header":false,"_kad_post_footer":false,"_kad_post_classname":"","footnotes":""},"class_list":["post-295","page","type-page","status-publish","hentry"],"_links":{"self":[{"href":"https:\/\/wiad.edu.pl\/www\/wp-json\/wp\/v2\/pages\/295","targetHints":{"allow":["GET"]}}],"collection":[{"href":"https:\/\/wiad.edu.pl\/www\/wp-json\/wp\/v2\/pages"}],"about":[{"href":"https:\/\/wiad.edu.pl\/www\/wp-json\/wp\/v2\/types\/page"}],"author":[{"embeddable":true,"href":"https:\/\/wiad.edu.pl\/www\/wp-json\/wp\/v2\/users\/1"}],"replies":[{"embeddable":true,"href":"https:\/\/wiad.edu.pl\/www\/wp-json\/wp\/v2\/comments?post=295"}],"version-history":[{"count":10,"href":"https:\/\/wiad.edu.pl\/www\/wp-json\/wp\/v2\/pages\/295\/revisions"}],"predecessor-version":[{"id":387,"href":"https:\/\/wiad.edu.pl\/www\/wp-json\/wp\/v2\/pages\/295\/revisions\/387"}],"wp:attachment":[{"href":"https:\/\/wiad.edu.pl\/www\/wp-json\/wp\/v2\/media?parent=295"}],"curies":[{"name":"wp","href":"https:\/\/api.w.org\/{rel}","templated":true}]}}