
{"id":291,"date":"2025-11-04T09:32:13","date_gmt":"2025-11-04T08:32:13","guid":{"rendered":"https:\/\/wiad.edu.pl\/www\/?page_id=291"},"modified":"2025-11-04T11:15:46","modified_gmt":"2025-11-04T10:15:46","slug":"wiad-2022-polaczony-swiat","status":"publish","type":"page","link":"https:\/\/wiad.edu.pl\/www\/wiad-2022-polaczony-swiat\/","title":{"rendered":"WIAD 2022: Po\u0142\u0105czony \u015bwiat"},"content":{"rendered":"\n<p class=\"has-text-align-center has-theme-palette-3-color has-text-color has-link-color wp-elements-cbf56507aafcb9fab24f5fc55822eb46\" style=\"font-size:25px\"><strong>5-6 marca 2022 r.<\/strong> (online)<\/p>\n\n\n<div class=\"wp-block-image\">\n<figure class=\"aligncenter size-full is-resized\"><img loading=\"lazy\" decoding=\"async\" width=\"150\" height=\"150\" src=\"https:\/\/wiad.edu.pl\/www\/wp-content\/uploads\/logo1-150x150-1.png\" alt=\"\" class=\"wp-image-158\" style=\"width:75px\"\/><\/figure>\n<\/div>\n\n\n<div class=\"wp-block-columns alignwide is-layout-flex wp-container-core-columns-is-layout-30ac8118 wp-block-columns-is-layout-flex\" style=\"padding-right:var(--wp--preset--spacing--50);padding-left:var(--wp--preset--spacing--50)\">\n<div class=\"wp-block-column is-layout-flow wp-block-column-is-layout-flow\" style=\"flex-basis:33.33%\">\n<p><a href=\"https:\/\/wiad.edu.pl\/www\/wp-content\/uploads\/wiad-2022-program.pdf\" target=\"_blank\" rel=\"noreferrer noopener\"><strong>Program 2022<\/strong>&nbsp;(PDF, nowe okno)<\/a><\/p>\n\n\n\n<p><a href=\"https:\/\/wiad.edu.pl\/www\/wp-content\/uploads\/wiad-2022-ksiega.pdf\" target=\"_blank\" rel=\"noreferrer noopener\"><strong>Abstrakty 2022<\/strong>&nbsp;(PDF, nowe okno)<\/a><\/p>\n\n\n\n<p><a href=\"https:\/\/www.facebook.com\/media\/set\/?set=a.3782561238549510\" data-type=\"link\" data-id=\"https:\/\/www.facebook.com\/media\/set\/?set=a.3782561238549510\" target=\"_blank\" rel=\"noreferrer noopener\"><strong>Galeria 2022 <\/strong>(Facebook, nowe okno)<\/a><\/p>\n\n\n\n<p><strong><a href=\"https:\/\/wiad.edu.pl\/www\/publikacje#2022\">Publikacja 2022<\/a><\/strong><\/p>\n<\/div>\n\n\n\n<div class=\"wp-block-column is-layout-flow wp-block-column-is-layout-flow\" style=\"flex-basis:66.66%\">\n<p>\u0141\u0105czymy si\u0119 ze sob\u0105 w przestrzeniach cyfrowych, fizycznych i mieszanych. \u0141\u0105czymy si\u0119 z lud\u017ami, produktami, us\u0142ugami, tre\u015bciami i ca\u0142ym \u015bwiatem. Ta \u0142\u0105czno\u015b\u0107 mo\u017ce by\u0107 cudowna, a jednocze\u015bnie trudna.<\/p>\n\n\n\n<p>Architektura informacji odkrywa i tworzy nowe po\u0142\u0105czenia, kt\u00f3rych wcze\u015bniej nie byli\u015bmy \u015bwiadomi. Mo\u017ce inspirowa\u0107 nas do nowych odkry\u0107 lub ujawnia\u0107 nowe relacje, kt\u00f3re mog\u0105 nas sk\u0142oni\u0107 do podj\u0119cia konstruktywnych dzia\u0142a\u0144, np. w obliczu zmian klimatu, globalnego kryzysu zdrowotnego lub zak\u0142\u00f3ce\u0144 w \u0142a\u0144cuchu dostaw, kt\u00f3rych do\u015bwiadczyli\u015bmy podczas pandemii. Architektura informacji przyczynia si\u0119 do zwi\u0119kszenia trafno\u015bci po\u0142\u0105cze\u0144. Pomaga nam zrozumie\u0107, kt\u00f3re informacje s\u0105 wa\u017cne i wiarygodne. Dostarcza wskaz\u00f3wek w nat\u0142oku informacji i pomaga walczy\u0107 z dezinformacj\u0105 zwi\u0105zan\u0105 z fa\u0142szywymi wiadomo\u015bciami. Pozwala nam lepiej kierowa\u0107 tym, z kim i czym si\u0119 \u0142\u0105czymy. Tworzy miejsca, w kt\u00f3rych lubimy przebywa\u0107, gdzie spotykaj\u0105 si\u0119 ludzie i informacje.<\/p>\n\n\n\n<p>W \u015bwiecie, w kt\u00f3rym jeste\u015bmy po\u0142\u0105czeni, a jednocze\u015bnie zdystansowani, jak wspierasz \u0142\u0105czno\u015b\u0107? Jak pomagasz w zrozumieniu po\u0142\u0105cze\u0144? Jakie nowe po\u0142\u0105czenia nawi\u0105za\u0142e\u015b ostatnio? W jaki spos\u00f3b wspiera\u0142e\u015b innych w odkrywaniu nowych po\u0142\u0105cze\u0144? W jaki spos\u00f3b, Twoim zdaniem, informacja i architektura informacji mog\u0105 by\u0107 wykorzystane do wspierania, definiowania lub tworzenia \u015brodowisk (cyfrowych, fizycznych, wirtualnych lub mieszanych) w celu poprawy \u017cycia i do\u015bwiadcze\u0144 ludzi w po\u0142\u0105czonym \u015bwiecie?<\/p>\n<\/div>\n<\/div>\n\n\n\n<p class=\"has-text-align-center\"><\/p>\n\n\n<div class=\"wp-block-image\">\n<figure class=\"aligncenter size-full is-resized\"><img loading=\"lazy\" decoding=\"async\" width=\"150\" height=\"150\" src=\"https:\/\/wiad.edu.pl\/www\/wp-content\/uploads\/logo1-150x150-1.png\" alt=\"\" class=\"wp-image-158\" style=\"width:75px\"\/><\/figure>\n<\/div>\n\n\n<p class=\"has-text-align-center\">\u2190 <a href=\"https:\/\/wiad.edu.pl\/www\/poprzednie-edycje\/\" data-type=\"page\" data-id=\"11\">Powr\u00f3\u0107 do <strong>listy poprzednich edycji<\/strong><\/a><\/p>\n","protected":false},"excerpt":{"rendered":"<p>5-6 marca 2022 r. (online) Program 2022&nbsp;(PDF, nowe okno) Abstrakty 2022&nbsp;(PDF, nowe okno) Galeria 2022 (Facebook, nowe okno) Publikacja 2022 \u0141\u0105czymy si\u0119 ze sob\u0105 w przestrzeniach cyfrowych, fizycznych i mieszanych. \u0141\u0105czymy si\u0119 z lud\u017ami, produktami, us\u0142ugami, tre\u015bciami i ca\u0142ym \u015bwiatem. Ta \u0142\u0105czno\u015b\u0107 mo\u017ce by\u0107 cudowna, a jednocze\u015bnie trudna. Architektura informacji odkrywa i tworzy nowe po\u0142\u0105czenia,&#8230;<\/p>\n","protected":false},"author":1,"featured_media":0,"parent":0,"menu_order":0,"comment_status":"closed","ping_status":"closed","template":"","meta":{"_kad_post_transparent":"","_kad_post_title":"","_kad_post_layout":"","_kad_post_sidebar_id":"","_kad_post_content_style":"","_kad_post_vertical_padding":"","_kad_post_feature":"","_kad_post_feature_position":"","_kad_post_header":false,"_kad_post_footer":false,"_kad_post_classname":"","footnotes":""},"class_list":["post-291","page","type-page","status-publish","hentry"],"_links":{"self":[{"href":"https:\/\/wiad.edu.pl\/www\/wp-json\/wp\/v2\/pages\/291","targetHints":{"allow":["GET"]}}],"collection":[{"href":"https:\/\/wiad.edu.pl\/www\/wp-json\/wp\/v2\/pages"}],"about":[{"href":"https:\/\/wiad.edu.pl\/www\/wp-json\/wp\/v2\/types\/page"}],"author":[{"embeddable":true,"href":"https:\/\/wiad.edu.pl\/www\/wp-json\/wp\/v2\/users\/1"}],"replies":[{"embeddable":true,"href":"https:\/\/wiad.edu.pl\/www\/wp-json\/wp\/v2\/comments?post=291"}],"version-history":[{"count":11,"href":"https:\/\/wiad.edu.pl\/www\/wp-json\/wp\/v2\/pages\/291\/revisions"}],"predecessor-version":[{"id":386,"href":"https:\/\/wiad.edu.pl\/www\/wp-json\/wp\/v2\/pages\/291\/revisions\/386"}],"wp:attachment":[{"href":"https:\/\/wiad.edu.pl\/www\/wp-json\/wp\/v2\/media?parent=291"}],"curies":[{"name":"wp","href":"https:\/\/api.w.org\/{rel}","templated":true}]}}