
{"id":289,"date":"2025-11-04T09:31:50","date_gmt":"2025-11-04T08:31:50","guid":{"rendered":"https:\/\/wiad.edu.pl\/www\/?page_id=289"},"modified":"2025-11-04T11:15:19","modified_gmt":"2025-11-04T10:15:19","slug":"wiad-2023-orientacja-i-odnajdywanie-drogi","status":"publish","type":"page","link":"https:\/\/wiad.edu.pl\/www\/wiad-2023-orientacja-i-odnajdywanie-drogi\/","title":{"rendered":"WIAD 2023: Orientacja i odnajdywanie drogi"},"content":{"rendered":"\n<p class=\"has-text-align-center has-theme-palette-3-color has-text-color has-link-color wp-elements-8b6ac7e04b6985e3c438709462d9c0ab\" style=\"font-size:25px\"><strong>4-5 marca 2023 r.&nbsp;<\/strong>(online)<\/p>\n\n\n<div class=\"wp-block-image\">\n<figure class=\"aligncenter size-full is-resized\"><img loading=\"lazy\" decoding=\"async\" width=\"150\" height=\"150\" src=\"https:\/\/wiad.edu.pl\/www\/wp-content\/uploads\/logo1-150x150-1.png\" alt=\"\" class=\"wp-image-158\" style=\"width:75px\"\/><\/figure>\n<\/div>\n\n\n<div class=\"wp-block-columns alignwide is-layout-flex wp-container-core-columns-is-layout-30ac8118 wp-block-columns-is-layout-flex\" style=\"padding-right:var(--wp--preset--spacing--50);padding-left:var(--wp--preset--spacing--50)\">\n<div class=\"wp-block-column is-layout-flow wp-block-column-is-layout-flow\" style=\"flex-basis:33.33%\">\n<p><a href=\"https:\/\/wiad.edu.pl\/www\/wp-content\/uploads\/wiad-2023-program.pdf\" target=\"_blank\" rel=\"noreferrer noopener\"><strong>Program 2023&nbsp;<\/strong>(PDF, nowe okno)<\/a><\/p>\n\n\n\n<p><a href=\"https:\/\/wiad.edu.pl\/www\/wp-content\/uploads\/wiad-2023-ksiega.pdf\" target=\"_blank\" rel=\"noreferrer noopener\"><strong>Abstrakty 2023&nbsp;<\/strong>(PDF, nowe okno)<\/a><\/p>\n\n\n\n<p><a href=\"https:\/\/www.facebook.com\/media\/set\/?set=a.740313674452609\" data-type=\"link\" data-id=\"https:\/\/www.facebook.com\/media\/set\/?set=a.740313674452609\" target=\"_blank\" rel=\"noreferrer noopener\"><strong>Galeria 2023<\/strong> (Facebook, nowe okno)<\/a><\/p>\n<\/div>\n\n\n\n<div class=\"wp-block-column is-layout-flow wp-block-column-is-layout-flow\" style=\"flex-basis:66.66%\">\n<p>Wayfinding mo\u017cna zdefiniowa\u0107 jako rozwi\u0105zywanie problem\u00f3w przestrzennych \u2013 online i offline. To wiedza o tym, gdzie jeste\u015b oraz dok\u0105d i jak\u0105 drog\u0105 mo\u017cesz si\u0119 uda\u0107. Nie da si\u0119 tego osi\u0105gn\u0105\u0107 bez dobrej architektury informacji. Wielo\u015b\u0107 wybor\u00f3w bywa inspiracj\u0105 lub \u017ar\u00f3d\u0142em niepokoju. Dlatego potrzebujemy prostych i zrozumia\u0142ych system\u00f3w Wayfinding, kt\u00f3re wespr\u0105 nas w codziennych podr\u00f3\u017cach.<\/p>\n\n\n\n<p>Dobra architektura informacji daje nam sposoby na zrozumienie sytuacji, odfiltrowanie szumu i skupienie si\u0119 na punktach orientacyjnych. Tworzy \u015brodowiska dost\u0119pne, zr\u00f3wnowa\u017cone i rozszerzalne. Umo\u017cliwi nam znalezienie \u015bcie\u017cki, w kontek\u015bcie danej sytuacji, czasu, osobistych do\u015bwiadcze\u0144 i oczekiwa\u0144.<\/p>\n<\/div>\n<\/div>\n\n\n\n<p class=\"has-text-align-center\"><\/p>\n\n\n<div class=\"wp-block-image\">\n<figure class=\"aligncenter size-full is-resized\"><img loading=\"lazy\" decoding=\"async\" width=\"150\" height=\"150\" src=\"https:\/\/wiad.edu.pl\/www\/wp-content\/uploads\/logo1-150x150-1.png\" alt=\"\" class=\"wp-image-158\" style=\"width:75px\"\/><\/figure>\n<\/div>\n\n\n<p class=\"has-text-align-center\">\u2190 <a href=\"https:\/\/wiad.edu.pl\/www\/poprzednie-edycje\/\" data-type=\"page\" data-id=\"11\">Powr\u00f3\u0107 do <strong>listy poprzednich edycji<\/strong><\/a><\/p>\n","protected":false},"excerpt":{"rendered":"<p>4-5 marca 2023 r.&nbsp;(online) Program 2023&nbsp;(PDF, nowe okno) Abstrakty 2023&nbsp;(PDF, nowe okno) Galeria 2023 (Facebook, nowe okno) Wayfinding mo\u017cna zdefiniowa\u0107 jako rozwi\u0105zywanie problem\u00f3w przestrzennych \u2013 online i offline. To wiedza o tym, gdzie jeste\u015b oraz dok\u0105d i jak\u0105 drog\u0105 mo\u017cesz si\u0119 uda\u0107. Nie da si\u0119 tego osi\u0105gn\u0105\u0107 bez dobrej architektury informacji. Wielo\u015b\u0107 wybor\u00f3w bywa inspiracj\u0105&#8230;<\/p>\n","protected":false},"author":1,"featured_media":0,"parent":0,"menu_order":0,"comment_status":"closed","ping_status":"closed","template":"","meta":{"_kad_post_transparent":"","_kad_post_title":"","_kad_post_layout":"","_kad_post_sidebar_id":"","_kad_post_content_style":"","_kad_post_vertical_padding":"","_kad_post_feature":"","_kad_post_feature_position":"","_kad_post_header":false,"_kad_post_footer":false,"_kad_post_classname":"","footnotes":""},"class_list":["post-289","page","type-page","status-publish","hentry"],"_links":{"self":[{"href":"https:\/\/wiad.edu.pl\/www\/wp-json\/wp\/v2\/pages\/289","targetHints":{"allow":["GET"]}}],"collection":[{"href":"https:\/\/wiad.edu.pl\/www\/wp-json\/wp\/v2\/pages"}],"about":[{"href":"https:\/\/wiad.edu.pl\/www\/wp-json\/wp\/v2\/types\/page"}],"author":[{"embeddable":true,"href":"https:\/\/wiad.edu.pl\/www\/wp-json\/wp\/v2\/users\/1"}],"replies":[{"embeddable":true,"href":"https:\/\/wiad.edu.pl\/www\/wp-json\/wp\/v2\/comments?post=289"}],"version-history":[{"count":26,"href":"https:\/\/wiad.edu.pl\/www\/wp-json\/wp\/v2\/pages\/289\/revisions"}],"predecessor-version":[{"id":385,"href":"https:\/\/wiad.edu.pl\/www\/wp-json\/wp\/v2\/pages\/289\/revisions\/385"}],"wp:attachment":[{"href":"https:\/\/wiad.edu.pl\/www\/wp-json\/wp\/v2\/media?parent=289"}],"curies":[{"name":"wp","href":"https:\/\/api.w.org\/{rel}","templated":true}]}}