
{"id":125,"date":"2025-11-02T10:01:45","date_gmt":"2025-11-02T09:01:45","guid":{"rendered":"https:\/\/wiad.edu.pl\/www\/?page_id=125"},"modified":"2025-11-22T21:30:08","modified_gmt":"2025-11-22T20:30:08","slug":"rada-naukowa","status":"publish","type":"page","link":"https:\/\/wiad.edu.pl\/www\/rada-naukowa\/","title":{"rendered":"Rada Naukowa WIAD 2026"},"content":{"rendered":"\n<div class=\"wp-block-columns is-layout-flex wp-container-core-columns-is-layout-9d6595d7 wp-block-columns-is-layout-flex\">\n<div class=\"wp-block-column is-vertically-aligned-top is-layout-flow wp-block-column-is-layout-flow\" style=\"flex-basis:33.33%\"><div class=\"wp-block-image is-style-rounded\">\n<figure class=\"aligncenter size-full\"><img loading=\"lazy\" decoding=\"async\" width=\"500\" height=\"500\" src=\"https:\/\/wiad.edu.pl\/www\/wp-content\/uploads\/placeholder.png\" alt=\"\" class=\"wp-image-450\" srcset=\"https:\/\/wiad.edu.pl\/www\/wp-content\/uploads\/placeholder.png 500w, https:\/\/wiad.edu.pl\/www\/wp-content\/uploads\/placeholder-300x300.png 300w, https:\/\/wiad.edu.pl\/www\/wp-content\/uploads\/placeholder-150x150.png 150w\" sizes=\"auto, (max-width: 500px) 100vw, 500px\" \/><\/figure>\n<\/div><\/div>\n\n\n\n<div class=\"wp-block-column is-layout-flow wp-block-column-is-layout-flow\" style=\"flex-basis:66.66%\">\n<h2 class=\"wp-block-heading\">prof. dr hab. Ewa G\u0142owacka<\/h2>\n\n\n\n<p class=\"has-medium-font-size\">przewodnicz\u0105ca Rady Naukowej<\/p>\n\n\n\n<p>Uniwersytet Miko\u0142aja Kopernika w Toruniu<\/p>\n<\/div>\n<\/div>\n\n\n\n<div class=\"wp-block-columns is-layout-flex wp-container-core-columns-is-layout-9d6595d7 wp-block-columns-is-layout-flex\">\n<div class=\"wp-block-column is-vertically-aligned-top is-layout-flow wp-block-column-is-layout-flow\" style=\"flex-basis:33.33%\"><div class=\"wp-block-image is-style-rounded\">\n<figure class=\"aligncenter size-full\"><img loading=\"lazy\" decoding=\"async\" width=\"500\" height=\"500\" src=\"https:\/\/wiad.edu.pl\/www\/wp-content\/uploads\/placeholder.png\" alt=\"\" class=\"wp-image-450\" srcset=\"https:\/\/wiad.edu.pl\/www\/wp-content\/uploads\/placeholder.png 500w, https:\/\/wiad.edu.pl\/www\/wp-content\/uploads\/placeholder-300x300.png 300w, https:\/\/wiad.edu.pl\/www\/wp-content\/uploads\/placeholder-150x150.png 150w\" sizes=\"auto, (max-width: 500px) 100vw, 500px\" \/><\/figure>\n<\/div><\/div>\n\n\n\n<div class=\"wp-block-column is-layout-flow wp-block-column-is-layout-flow\" style=\"flex-basis:66.66%\">\n<h2 class=\"wp-block-heading\">dr hab. W\u0142adys\u0142aw Marek Kolasa, prof. UKEN<\/h2>\n\n\n\n<p class=\"has-medium-font-size\"><\/p>\n\n\n\n<p>Uniwersytet Komisji Edukacji Narodowej w Krakowie<\/p>\n<\/div>\n<\/div>\n\n\n\n<div class=\"wp-block-columns is-layout-flex wp-container-core-columns-is-layout-9d6595d7 wp-block-columns-is-layout-flex\">\n<div class=\"wp-block-column is-vertically-aligned-top is-layout-flow wp-block-column-is-layout-flow\" style=\"flex-basis:33.33%\"><div class=\"wp-block-image is-style-rounded\">\n<figure class=\"aligncenter size-full\"><img loading=\"lazy\" decoding=\"async\" width=\"500\" height=\"500\" src=\"https:\/\/wiad.edu.pl\/www\/wp-content\/uploads\/placeholder.png\" alt=\"\" class=\"wp-image-450\" srcset=\"https:\/\/wiad.edu.pl\/www\/wp-content\/uploads\/placeholder.png 500w, https:\/\/wiad.edu.pl\/www\/wp-content\/uploads\/placeholder-300x300.png 300w, https:\/\/wiad.edu.pl\/www\/wp-content\/uploads\/placeholder-150x150.png 150w\" sizes=\"auto, (max-width: 500px) 100vw, 500px\" \/><\/figure>\n<\/div><\/div>\n\n\n\n<div class=\"wp-block-column is-layout-flow wp-block-column-is-layout-flow\" style=\"flex-basis:66.66%\">\n<h2 class=\"wp-block-heading\">dr hab. Magdalena Zdrodowska, prof. UJ<\/h2>\n\n\n\n<p class=\"has-medium-font-size\"><\/p>\n\n\n\n<p>Uniwersytet Jagiello\u0144ski<\/p>\n<\/div>\n<\/div>\n\n\n\n<div class=\"wp-block-columns is-layout-flex wp-container-core-columns-is-layout-9d6595d7 wp-block-columns-is-layout-flex\">\n<div class=\"wp-block-column is-vertically-aligned-top is-layout-flow wp-block-column-is-layout-flow\" style=\"flex-basis:33.33%\"><div class=\"wp-block-image is-style-rounded\">\n<figure class=\"aligncenter size-full\"><img loading=\"lazy\" decoding=\"async\" width=\"500\" height=\"500\" src=\"https:\/\/wiad.edu.pl\/www\/wp-content\/uploads\/placeholder.png\" alt=\"\" class=\"wp-image-450\" srcset=\"https:\/\/wiad.edu.pl\/www\/wp-content\/uploads\/placeholder.png 500w, https:\/\/wiad.edu.pl\/www\/wp-content\/uploads\/placeholder-300x300.png 300w, https:\/\/wiad.edu.pl\/www\/wp-content\/uploads\/placeholder-150x150.png 150w\" sizes=\"auto, (max-width: 500px) 100vw, 500px\" \/><\/figure>\n<\/div><\/div>\n\n\n\n<div class=\"wp-block-column is-layout-flow wp-block-column-is-layout-flow\" style=\"flex-basis:66.66%\">\n<h2 class=\"wp-block-heading\">dr hab. Mariola Antczak, prof. U\u0141<\/h2>\n\n\n\n<p class=\"has-medium-font-size\"><\/p>\n\n\n\n<p>Uniwersytet \u0141\u00f3dzki<\/p>\n<\/div>\n<\/div>\n","protected":false},"excerpt":{"rendered":"<p>prof. dr hab. Ewa G\u0142owacka przewodnicz\u0105ca Rady Naukowej Uniwersytet Miko\u0142aja Kopernika w Toruniu dr hab. W\u0142adys\u0142aw Marek Kolasa, prof. UKEN Uniwersytet Komisji Edukacji Narodowej w Krakowie dr hab. Magdalena Zdrodowska, prof. UJ Uniwersytet Jagiello\u0144ski dr hab. Mariola Antczak, prof. U\u0141 Uniwersytet \u0141\u00f3dzki<\/p>\n","protected":false},"author":1,"featured_media":0,"parent":0,"menu_order":0,"comment_status":"closed","ping_status":"closed","template":"","meta":{"_kad_post_transparent":"","_kad_post_title":"","_kad_post_layout":"","_kad_post_sidebar_id":"","_kad_post_content_style":"","_kad_post_vertical_padding":"","_kad_post_feature":"","_kad_post_feature_position":"","_kad_post_header":false,"_kad_post_footer":false,"_kad_post_classname":"","footnotes":""},"class_list":["post-125","page","type-page","status-publish","hentry"],"_links":{"self":[{"href":"https:\/\/wiad.edu.pl\/www\/wp-json\/wp\/v2\/pages\/125","targetHints":{"allow":["GET"]}}],"collection":[{"href":"https:\/\/wiad.edu.pl\/www\/wp-json\/wp\/v2\/pages"}],"about":[{"href":"https:\/\/wiad.edu.pl\/www\/wp-json\/wp\/v2\/types\/page"}],"author":[{"embeddable":true,"href":"https:\/\/wiad.edu.pl\/www\/wp-json\/wp\/v2\/users\/1"}],"replies":[{"embeddable":true,"href":"https:\/\/wiad.edu.pl\/www\/wp-json\/wp\/v2\/comments?post=125"}],"version-history":[{"count":9,"href":"https:\/\/wiad.edu.pl\/www\/wp-json\/wp\/v2\/pages\/125\/revisions"}],"predecessor-version":[{"id":468,"href":"https:\/\/wiad.edu.pl\/www\/wp-json\/wp\/v2\/pages\/125\/revisions\/468"}],"wp:attachment":[{"href":"https:\/\/wiad.edu.pl\/www\/wp-json\/wp\/v2\/media?parent=125"}],"curies":[{"name":"wp","href":"https:\/\/api.w.org\/{rel}","templated":true}]}}